{"id":48,"date":"2016-06-09T12:05:08","date_gmt":"2016-06-09T10:05:08","guid":{"rendered":"https:\/\/www.bardomed.pl\/blog\/?page_id=48"},"modified":"2025-04-23T15:43:41","modified_gmt":"2025-04-23T13:43:41","slug":"o-bardomed","status":"publish","type":"page","link":"https:\/\/www.bardomed.pl\/blog\/o-bardomed\/","title":{"rendered":"O nas"},"content":{"rendered":"<h1><strong>O BardoMed<\/strong><\/h1>\n<p>BardoMed jest producentem i dystrybutorem sprz\u0119tu rehabilitacyjnego oraz medycznego. Jeste\u015bmy obecni na terenie ca\u0142ej Polski poprzez licznych Doradc\u00f3w Handlowych oraz nowoczesny, internetowy sklep rehabilitacyjny i medyczny. W naszym asortymencie znajd\u0105 Pa\u0144stwo bogaty wyb\u00f3r sprz\u0119tu rehabilitacyjnego, medycznego, sportowego oraz fitness. W ofercie posiadamy mi\u0119dzy innymi: aparaty do elektroterapii, laseroterapii, ultrad\u017awi\u0119k\u00f3w, magnetoterapii, diatermie kr\u00f3tkofalowe, urz\u0105dzenia do drena\u017cu limfatycznego oraz bardzo popularn\u0105 fal\u0119 uderzeniow\u0105 Rosetta ESWT i lasery wysokoenergetyczne.<\/p>\n<h2>Sprz\u0119t rehabilitacyjny w ofercie BardoMed<\/h2>\n<p>Dla os\u00f3b z dysfunkcjami narz\u0105du ruchu dysponujemy profesjonalnym sprz\u0119tem do reedukacji chodu LiteGait. BardoMed jest wy\u0142\u0105cznym dystrybutorem takich firm jak Enraf-Nonius, Mectronic Medicale, MSD Europe czy Mobility Research.\u00a0<strong>Jako firma dzia\u0142aj\u0105ca na rynku od 13 lat gwarantujemy profesjonalne doradztwo w zakresie projektowania i finansowania inwestycji, terminowo\u015b\u0107 dostaw a tak\u017ce, pe\u0142n\u0105 obs\u0142ug\u0119 gwarancyjn\u0105 oraz pogwarancyjn\u0105. <\/strong>Zapraszamy do zapoznania si\u0119 z nasz\u0105 ofert\u0105 oraz kontaktu z biurem handlowym. Do\u0142\u0105cz do setek zadowolonych z zakupu klient\u00f3w!<\/p>\n","protected":false},"excerpt":{"rendered":"<p>O BardoMed BardoMed jest producentem i dystrybutorem sprz\u0119tu rehabilitacyjnego oraz medycznego. Jeste\u015bmy obecni na terenie ca\u0142ej Polski poprzez licznych Doradc\u00f3w Handlowych oraz nowoczesny, internetowy sklep rehabilitacyjny i medyczny. W naszym asortymencie znajd\u0105 Pa\u0144stwo bogaty wyb\u00f3r sprz\u0119tu rehabilitacyjnego, medycznego, sportowego oraz fitness. W ofercie posiadamy mi\u0119dzy innymi: aparaty do elektroterapii, laseroterapii, ultrad\u017awi\u0119k\u00f3w, magnetoterapii, diatermie kr\u00f3tkofalowe, urz\u0105dzenia [&hellip;]<\/p>\n","protected":false},"author":1,"featured_media":69,"parent":0,"menu_order":0,"comment_status":"closed","ping_status":"closed","template":"page-about.php","meta":{"_acf_changed":false,"footnotes":""},"class_list":["post-48","page","type-page","status-publish","has-post-thumbnail","hentry"],"acf":[],"yoast_head":"<!-- This site is optimized with the Yoast SEO plugin v27.5 - https:\/\/yoast.com\/product\/yoast-seo-wordpress\/ -->\n<title>O BardoMed - sprz\u0119t rehabilitacyjny i fizykoterapeutyczny<\/title>\n<meta name=\"description\" content=\"BardoMed zajmuje si\u0119 dostarczaniem najnowszych rozwi\u0105za\u0144 z zakresu fizjoterapii. W szczeg\u00f3lno\u015bci specjalizujemy si\u0119 w rehabilitacji sportowej.\" \/>\n<meta name=\"robots\" content=\"index, follow, max-snippet:-1, max-image-preview:large, max-video-preview:-1\" \/>\n<link rel=\"canonical\" href=\"https:\/\/www.bardomed.pl\/blog\/o-bardomed\/\" \/>\n<meta property=\"og:locale\" content=\"pl_PL\" \/>\n<meta property=\"og:type\" content=\"article\" \/>\n<meta property=\"og:title\" content=\"O BardoMed - sprz\u0119t rehabilitacyjny i fizykoterapeutyczny\" \/>\n<meta property=\"og:description\" content=\"BardoMed zajmuje si\u0119 dostarczaniem najnowszych rozwi\u0105za\u0144 z zakresu fizjoterapii. W szczeg\u00f3lno\u015bci specjalizujemy si\u0119 w rehabilitacji sportowej.\" \/>\n<meta property=\"og:url\" content=\"https:\/\/www.bardomed.pl\/blog\/o-bardomed\/\" \/>\n<meta property=\"og:site_name\" content=\"BardoMed\" \/>\n<meta property=\"article:modified_time\" content=\"2025-04-23T13:43:41+00:00\" \/>\n<meta property=\"og:image\" content=\"https:\/\/www.bardomed.pl\/blog\/wp-content\/uploads\/2016\/06\/Warstwa-3.png\" \/>\n\t<meta property=\"og:image:width\" content=\"661\" \/>\n\t<meta property=\"og:image:height\" content=\"491\" \/>\n\t<meta property=\"og:image:type\" content=\"image\/png\" \/>\n<meta name=\"twitter:card\" content=\"summary_large_image\" \/>\n<meta name=\"twitter:label1\" content=\"Szacowany czas czytania\" \/>\n\t<meta name=\"twitter:data1\" content=\"2 minuty\" \/>\n<script type=\"application\/ld+json\" class=\"yoast-schema-graph\">{\"@context\":\"https:\\\/\\\/schema.org\",\"@graph\":[{\"@type\":\"WebPage\",\"@id\":\"https:\\\/\\\/www.bardomed.pl\\\/blog\\\/o-bardomed\\\/\",\"url\":\"https:\\\/\\\/www.bardomed.pl\\\/blog\\\/o-bardomed\\\/\",\"name\":\"O BardoMed - sprz\u0119t rehabilitacyjny i fizykoterapeutyczny\",\"isPartOf\":{\"@id\":\"https:\\\/\\\/www.bardomed.pl\\\/blog\\\/#website\"},\"primaryImageOfPage\":{\"@id\":\"https:\\\/\\\/www.bardomed.pl\\\/blog\\\/o-bardomed\\\/#primaryimage\"},\"image\":{\"@id\":\"https:\\\/\\\/www.bardomed.pl\\\/blog\\\/o-bardomed\\\/#primaryimage\"},\"thumbnailUrl\":\"https:\\\/\\\/www.bardomed.pl\\\/blog\\\/wp-content\\\/uploads\\\/2016\\\/06\\\/Warstwa-3.png\",\"datePublished\":\"2016-06-09T10:05:08+00:00\",\"dateModified\":\"2025-04-23T13:43:41+00:00\",\"description\":\"BardoMed zajmuje si\u0119 dostarczaniem najnowszych rozwi\u0105za\u0144 z zakresu fizjoterapii. W szczeg\u00f3lno\u015bci specjalizujemy si\u0119 w rehabilitacji sportowej.\",\"breadcrumb\":{\"@id\":\"https:\\\/\\\/www.bardomed.pl\\\/blog\\\/o-bardomed\\\/#breadcrumb\"},\"inLanguage\":\"pl-PL\",\"potentialAction\":[{\"@type\":\"ReadAction\",\"target\":[\"https:\\\/\\\/www.bardomed.pl\\\/blog\\\/o-bardomed\\\/\"]}]},{\"@type\":\"ImageObject\",\"inLanguage\":\"pl-PL\",\"@id\":\"https:\\\/\\\/www.bardomed.pl\\\/blog\\\/o-bardomed\\\/#primaryimage\",\"url\":\"https:\\\/\\\/www.bardomed.pl\\\/blog\\\/wp-content\\\/uploads\\\/2016\\\/06\\\/Warstwa-3.png\",\"contentUrl\":\"https:\\\/\\\/www.bardomed.pl\\\/blog\\\/wp-content\\\/uploads\\\/2016\\\/06\\\/Warstwa-3.png\",\"width\":661,\"height\":491,\"caption\":\"Sk\u0142ad firmy BardoMed - sklep ze sprz\u0119tem rehabilitacyjnym\"},{\"@type\":\"BreadcrumbList\",\"@id\":\"https:\\\/\\\/www.bardomed.pl\\\/blog\\\/o-bardomed\\\/#breadcrumb\",\"itemListElement\":[{\"@type\":\"ListItem\",\"position\":1,\"name\":\"Strona g\u0142\u00f3wna\",\"item\":\"https:\\\/\\\/www.bardomed.pl\\\/blog\\\/\"},{\"@type\":\"ListItem\",\"position\":2,\"name\":\"O nas\"}]},{\"@type\":\"WebSite\",\"@id\":\"https:\\\/\\\/www.bardomed.pl\\\/blog\\\/#website\",\"url\":\"https:\\\/\\\/www.bardomed.pl\\\/blog\\\/\",\"name\":\"BardoMed\",\"description\":\"Sprz\u0119t rehabilitacyjny BardoMed Krak\u00f3w\",\"publisher\":{\"@id\":\"https:\\\/\\\/www.bardomed.pl\\\/blog\\\/#organization\"},\"potentialAction\":[{\"@type\":\"SearchAction\",\"target\":{\"@type\":\"EntryPoint\",\"urlTemplate\":\"https:\\\/\\\/www.bardomed.pl\\\/blog\\\/?s={search_term_string}\"},\"query-input\":{\"@type\":\"PropertyValueSpecification\",\"valueRequired\":true,\"valueName\":\"search_term_string\"}}],\"inLanguage\":\"pl-PL\"},{\"@type\":\"Organization\",\"@id\":\"https:\\\/\\\/www.bardomed.pl\\\/blog\\\/#organization\",\"name\":\"BardoMed\",\"url\":\"https:\\\/\\\/www.bardomed.pl\\\/blog\\\/\",\"logo\":{\"@type\":\"ImageObject\",\"inLanguage\":\"pl-PL\",\"@id\":\"https:\\\/\\\/www.bardomed.pl\\\/blog\\\/#\\\/schema\\\/logo\\\/image\\\/\",\"url\":\"https:\\\/\\\/www.bardomed.pl\\\/blog\\\/wp-content\\\/uploads\\\/2018\\\/10\\\/BardoMed-logo.png\",\"contentUrl\":\"https:\\\/\\\/www.bardomed.pl\\\/blog\\\/wp-content\\\/uploads\\\/2018\\\/10\\\/BardoMed-logo.png\",\"width\":589,\"height\":423,\"caption\":\"BardoMed\"},\"image\":{\"@id\":\"https:\\\/\\\/www.bardomed.pl\\\/blog\\\/#\\\/schema\\\/logo\\\/image\\\/\"}}]}<\/script>\n<!-- \/ Yoast SEO plugin. -->","yoast_head_json":{"title":"O BardoMed - sprz\u0119t rehabilitacyjny i fizykoterapeutyczny","description":"BardoMed zajmuje si\u0119 dostarczaniem najnowszych rozwi\u0105za\u0144 z zakresu fizjoterapii. W szczeg\u00f3lno\u015bci specjalizujemy si\u0119 w rehabilitacji sportowej.","robots":{"index":"index","follow":"follow","max-snippet":"max-snippet:-1","max-image-preview":"max-image-preview:large","max-video-preview":"max-video-preview:-1"},"canonical":"https:\/\/www.bardomed.pl\/blog\/o-bardomed\/","og_locale":"pl_PL","og_type":"article","og_title":"O BardoMed - sprz\u0119t rehabilitacyjny i fizykoterapeutyczny","og_description":"BardoMed zajmuje si\u0119 dostarczaniem najnowszych rozwi\u0105za\u0144 z zakresu fizjoterapii. W szczeg\u00f3lno\u015bci specjalizujemy si\u0119 w rehabilitacji sportowej.","og_url":"https:\/\/www.bardomed.pl\/blog\/o-bardomed\/","og_site_name":"BardoMed","article_modified_time":"2025-04-23T13:43:41+00:00","og_image":[{"width":661,"height":491,"url":"https:\/\/www.bardomed.pl\/blog\/wp-content\/uploads\/2016\/06\/Warstwa-3.png","type":"image\/png"}],"twitter_card":"summary_large_image","twitter_misc":{"Szacowany czas czytania":"2 minuty"},"schema":{"@context":"https:\/\/schema.org","@graph":[{"@type":"WebPage","@id":"https:\/\/www.bardomed.pl\/blog\/o-bardomed\/","url":"https:\/\/www.bardomed.pl\/blog\/o-bardomed\/","name":"O BardoMed - sprz\u0119t rehabilitacyjny i fizykoterapeutyczny","isPartOf":{"@id":"https:\/\/www.bardomed.pl\/blog\/#website"},"primaryImageOfPage":{"@id":"https:\/\/www.bardomed.pl\/blog\/o-bardomed\/#primaryimage"},"image":{"@id":"https:\/\/www.bardomed.pl\/blog\/o-bardomed\/#primaryimage"},"thumbnailUrl":"https:\/\/www.bardomed.pl\/blog\/wp-content\/uploads\/2016\/06\/Warstwa-3.png","datePublished":"2016-06-09T10:05:08+00:00","dateModified":"2025-04-23T13:43:41+00:00","description":"BardoMed zajmuje si\u0119 dostarczaniem najnowszych rozwi\u0105za\u0144 z zakresu fizjoterapii. W szczeg\u00f3lno\u015bci specjalizujemy si\u0119 w rehabilitacji sportowej.","breadcrumb":{"@id":"https:\/\/www.bardomed.pl\/blog\/o-bardomed\/#breadcrumb"},"inLanguage":"pl-PL","potentialAction":[{"@type":"ReadAction","target":["https:\/\/www.bardomed.pl\/blog\/o-bardomed\/"]}]},{"@type":"ImageObject","inLanguage":"pl-PL","@id":"https:\/\/www.bardomed.pl\/blog\/o-bardomed\/#primaryimage","url":"https:\/\/www.bardomed.pl\/blog\/wp-content\/uploads\/2016\/06\/Warstwa-3.png","contentUrl":"https:\/\/www.bardomed.pl\/blog\/wp-content\/uploads\/2016\/06\/Warstwa-3.png","width":661,"height":491,"caption":"Sk\u0142ad firmy BardoMed - sklep ze sprz\u0119tem rehabilitacyjnym"},{"@type":"BreadcrumbList","@id":"https:\/\/www.bardomed.pl\/blog\/o-bardomed\/#breadcrumb","itemListElement":[{"@type":"ListItem","position":1,"name":"Strona g\u0142\u00f3wna","item":"https:\/\/www.bardomed.pl\/blog\/"},{"@type":"ListItem","position":2,"name":"O nas"}]},{"@type":"WebSite","@id":"https:\/\/www.bardomed.pl\/blog\/#website","url":"https:\/\/www.bardomed.pl\/blog\/","name":"BardoMed","description":"Sprz\u0119t rehabilitacyjny BardoMed Krak\u00f3w","publisher":{"@id":"https:\/\/www.bardomed.pl\/blog\/#organization"},"potentialAction":[{"@type":"SearchAction","target":{"@type":"EntryPoint","urlTemplate":"https:\/\/www.bardomed.pl\/blog\/?s={search_term_string}"},"query-input":{"@type":"PropertyValueSpecification","valueRequired":true,"valueName":"search_term_string"}}],"inLanguage":"pl-PL"},{"@type":"Organization","@id":"https:\/\/www.bardomed.pl\/blog\/#organization","name":"BardoMed","url":"https:\/\/www.bardomed.pl\/blog\/","logo":{"@type":"ImageObject","inLanguage":"pl-PL","@id":"https:\/\/www.bardomed.pl\/blog\/#\/schema\/logo\/image\/","url":"https:\/\/www.bardomed.pl\/blog\/wp-content\/uploads\/2018\/10\/BardoMed-logo.png","contentUrl":"https:\/\/www.bardomed.pl\/blog\/wp-content\/uploads\/2018\/10\/BardoMed-logo.png","width":589,"height":423,"caption":"BardoMed"},"image":{"@id":"https:\/\/www.bardomed.pl\/blog\/#\/schema\/logo\/image\/"}}]}},"_links":{"self":[{"href":"https:\/\/www.bardomed.pl\/blog\/wp-json\/wp\/v2\/pages\/48","targetHints":{"allow":["GET"]}}],"collection":[{"href":"https:\/\/www.bardomed.pl\/blog\/wp-json\/wp\/v2\/pages"}],"about":[{"href":"https:\/\/www.bardomed.pl\/blog\/wp-json\/wp\/v2\/types\/page"}],"author":[{"embeddable":true,"href":"https:\/\/www.bardomed.pl\/blog\/wp-json\/wp\/v2\/users\/1"}],"replies":[{"embeddable":true,"href":"https:\/\/www.bardomed.pl\/blog\/wp-json\/wp\/v2\/comments?post=48"}],"version-history":[{"count":76,"href":"https:\/\/www.bardomed.pl\/blog\/wp-json\/wp\/v2\/pages\/48\/revisions"}],"predecessor-version":[{"id":11342,"href":"https:\/\/www.bardomed.pl\/blog\/wp-json\/wp\/v2\/pages\/48\/revisions\/11342"}],"wp:featuredmedia":[{"embeddable":true,"href":"https:\/\/www.bardomed.pl\/blog\/wp-json\/wp\/v2\/media\/69"}],"wp:attachment":[{"href":"https:\/\/www.bardomed.pl\/blog\/wp-json\/wp\/v2\/media?parent=48"}],"curies":[{"name":"wp","href":"https:\/\/api.w.org\/{rel}","templated":true}]}}