{"id":55,"date":"2016-06-09T12:12:35","date_gmt":"2016-06-09T10:12:35","guid":{"rendered":"https:\/\/www.bardomed.pl\/blog\/?page_id=55"},"modified":"2025-04-23T13:31:45","modified_gmt":"2025-04-23T11:31:45","slug":"formularz-zgloszenia-serwisowego","status":"publish","type":"page","link":"https:\/\/www.bardomed.pl\/blog\/formularz-zgloszenia-serwisowego\/","title":{"rendered":"Formularz zg\u0142oszenia serwisowego i reklamacyjnego"},"content":{"rendered":"<p>Aby u\u0142atwi\u0107 Pa\u0144stwu proces serwisu lub reklamacji sprz\u0119tu zakupionego w naszej firmie przygotowali\u015bmy specjalny<strong> formularz zg\u0142oszeniowy<\/strong>. Prosimy o jego dok\u0142adne wype\u0142nienie, tak aby\u015bmy posiadali wszelkie niezb\u0119dne informacje potrzebne do szybkiej reakcji na jakiekolwiek usterki serwisowe.<\/p>\n<p><strong>Przed wysy\u0142k\u0105 urz\u0105dzenia prosimy o kontakt z naszym dzia\u0142em serwisowym.<br \/>\n<\/strong><\/p>\n<p><strong>Jak przygotowa\u0107 aparat do wysy\u0142ki?<\/strong><\/p>\n<ol>\n<li style=\"font-weight: 400;\">\n<h4><span style=\"font-weight: 400;\">Aparat powinien by\u0107 spakowany najlepiej w oryginalne pude\u0142ko (w przypadku braku oryginalnego pude\u0142ka nale\u017cy dobrze zabezpieczy\u0107 aparat, tak by nie uleg\u0142 uszkodzeniu w transporcie).<\/span><\/h4>\n<\/li>\n<li style=\"font-weight: 400;\">\n<h4><span style=\"font-weight: 400;\">Do aparatu nale\u017cy do\u0142\u0105czy\u0107 paszport techniczny urz\u0105dzenia (w przypadku braku paszportu kopi\u0119 faktury zakupu).<\/span><\/h4>\n<\/li>\n<li style=\"font-weight: 400;\">\n<h4><span style=\"font-weight: 400;\">Prosimy o za\u0142\u0105czenie notatki z opisem usterki, oraz danych kontaktowych do osoby zajmuj\u0105cej si\u0119 zg\u0142oszeniem reklamacji lub serwisu, danych do wystawienia faktury i adresu wysy\u0142ki zwrotnej.\u00a0<\/span><\/h4>\n<\/li>\n<\/ol>\n<p><b>Adres do wysy\u0142ki aparatu:\u00a0<\/b><\/p>\n<h4><span style=\"font-weight: 400;\">BardoMed Sp. z o.o.<\/span><\/h4>\n<h4><span style=\"font-weight: 400;\">u<\/span><span style=\"font-weight: 400;\">l. Studzienki 55<\/span><\/h4>\n<h4>\u00a0<span style=\"font-weight: 400;\">32-085 Modlnica <\/span><span style=\"font-weight: 400;\">tel: 722 000 039<\/span><\/h4>\n","protected":false},"excerpt":{"rendered":"<p>Aby u\u0142atwi\u0107 Pa\u0144stwu proces serwisu lub reklamacji sprz\u0119tu zakupionego w naszej firmie przygotowali\u015bmy specjalny formularz zg\u0142oszeniowy. Prosimy o jego dok\u0142adne wype\u0142nienie, tak aby\u015bmy posiadali wszelkie niezb\u0119dne informacje potrzebne do szybkiej reakcji na jakiekolwiek usterki serwisowe. Przed wysy\u0142k\u0105 urz\u0105dzenia prosimy o kontakt z naszym dzia\u0142em serwisowym. Jak przygotowa\u0107 aparat do wysy\u0142ki? Aparat powinien by\u0107 spakowany najlepiej [&hellip;]<\/p>\n","protected":false},"author":1,"featured_media":0,"parent":0,"menu_order":0,"comment_status":"closed","ping_status":"closed","template":"page-notification.php","meta":{"_acf_changed":false,"footnotes":""},"class_list":["post-55","page","type-page","status-publish","hentry"],"acf":[],"yoast_head":"<!-- This site is optimized with the Yoast SEO plugin v27.5 - https:\/\/yoast.com\/product\/yoast-seo-wordpress\/ -->\n<title>Formularz zg\u0142oszenia serwisowego i reklamacyjnego - BardoMed<\/title>\n<meta name=\"robots\" content=\"index, follow, max-snippet:-1, max-image-preview:large, max-video-preview:-1\" \/>\n<link rel=\"canonical\" href=\"https:\/\/www.bardomed.pl\/blog\/formularz-zgloszenia-serwisowego\/\" \/>\n<meta property=\"og:locale\" content=\"pl_PL\" \/>\n<meta property=\"og:type\" content=\"article\" \/>\n<meta property=\"og:title\" content=\"Formularz zg\u0142oszenia serwisowego i reklamacyjnego - BardoMed\" \/>\n<meta property=\"og:description\" content=\"Aby u\u0142atwi\u0107 Pa\u0144stwu proces serwisu lub reklamacji sprz\u0119tu zakupionego w naszej firmie przygotowali\u015bmy specjalny formularz zg\u0142oszeniowy. Prosimy o jego dok\u0142adne wype\u0142nienie, tak aby\u015bmy posiadali wszelkie niezb\u0119dne informacje potrzebne do szybkiej reakcji na jakiekolwiek usterki serwisowe. Przed wysy\u0142k\u0105 urz\u0105dzenia prosimy o kontakt z naszym dzia\u0142em serwisowym. Jak przygotowa\u0107 aparat do wysy\u0142ki? Aparat powinien by\u0107 spakowany najlepiej [&hellip;]\" \/>\n<meta property=\"og:url\" content=\"https:\/\/www.bardomed.pl\/blog\/formularz-zgloszenia-serwisowego\/\" \/>\n<meta property=\"og:site_name\" content=\"BardoMed\" \/>\n<meta property=\"article:modified_time\" content=\"2025-04-23T11:31:45+00:00\" \/>\n<meta name=\"twitter:card\" content=\"summary_large_image\" \/>\n<meta name=\"twitter:label1\" content=\"Szacowany czas czytania\" \/>\n\t<meta name=\"twitter:data1\" content=\"1 minuta\" \/>\n<script type=\"application\/ld+json\" class=\"yoast-schema-graph\">{\"@context\":\"https:\\\/\\\/schema.org\",\"@graph\":[{\"@type\":\"WebPage\",\"@id\":\"https:\\\/\\\/www.bardomed.pl\\\/blog\\\/formularz-zgloszenia-serwisowego\\\/\",\"url\":\"https:\\\/\\\/www.bardomed.pl\\\/blog\\\/formularz-zgloszenia-serwisowego\\\/\",\"name\":\"Formularz zg\u0142oszenia serwisowego i reklamacyjnego - BardoMed\",\"isPartOf\":{\"@id\":\"https:\\\/\\\/www.bardomed.pl\\\/blog\\\/#website\"},\"datePublished\":\"2016-06-09T10:12:35+00:00\",\"dateModified\":\"2025-04-23T11:31:45+00:00\",\"breadcrumb\":{\"@id\":\"https:\\\/\\\/www.bardomed.pl\\\/blog\\\/formularz-zgloszenia-serwisowego\\\/#breadcrumb\"},\"inLanguage\":\"pl-PL\",\"potentialAction\":[{\"@type\":\"ReadAction\",\"target\":[\"https:\\\/\\\/www.bardomed.pl\\\/blog\\\/formularz-zgloszenia-serwisowego\\\/\"]}]},{\"@type\":\"BreadcrumbList\",\"@id\":\"https:\\\/\\\/www.bardomed.pl\\\/blog\\\/formularz-zgloszenia-serwisowego\\\/#breadcrumb\",\"itemListElement\":[{\"@type\":\"ListItem\",\"position\":1,\"name\":\"Strona g\u0142\u00f3wna\",\"item\":\"https:\\\/\\\/www.bardomed.pl\\\/blog\\\/\"},{\"@type\":\"ListItem\",\"position\":2,\"name\":\"Formularz zg\u0142oszenia serwisowego i reklamacyjnego\"}]},{\"@type\":\"WebSite\",\"@id\":\"https:\\\/\\\/www.bardomed.pl\\\/blog\\\/#website\",\"url\":\"https:\\\/\\\/www.bardomed.pl\\\/blog\\\/\",\"name\":\"BardoMed\",\"description\":\"Sprz\u0119t rehabilitacyjny BardoMed Krak\u00f3w\",\"publisher\":{\"@id\":\"https:\\\/\\\/www.bardomed.pl\\\/blog\\\/#organization\"},\"potentialAction\":[{\"@type\":\"SearchAction\",\"target\":{\"@type\":\"EntryPoint\",\"urlTemplate\":\"https:\\\/\\\/www.bardomed.pl\\\/blog\\\/?s={search_term_string}\"},\"query-input\":{\"@type\":\"PropertyValueSpecification\",\"valueRequired\":true,\"valueName\":\"search_term_string\"}}],\"inLanguage\":\"pl-PL\"},{\"@type\":\"Organization\",\"@id\":\"https:\\\/\\\/www.bardomed.pl\\\/blog\\\/#organization\",\"name\":\"BardoMed\",\"url\":\"https:\\\/\\\/www.bardomed.pl\\\/blog\\\/\",\"logo\":{\"@type\":\"ImageObject\",\"inLanguage\":\"pl-PL\",\"@id\":\"https:\\\/\\\/www.bardomed.pl\\\/blog\\\/#\\\/schema\\\/logo\\\/image\\\/\",\"url\":\"https:\\\/\\\/www.bardomed.pl\\\/blog\\\/wp-content\\\/uploads\\\/2018\\\/10\\\/BardoMed-logo.png\",\"contentUrl\":\"https:\\\/\\\/www.bardomed.pl\\\/blog\\\/wp-content\\\/uploads\\\/2018\\\/10\\\/BardoMed-logo.png\",\"width\":589,\"height\":423,\"caption\":\"BardoMed\"},\"image\":{\"@id\":\"https:\\\/\\\/www.bardomed.pl\\\/blog\\\/#\\\/schema\\\/logo\\\/image\\\/\"}}]}<\/script>\n<!-- \/ Yoast SEO plugin. -->","yoast_head_json":{"title":"Formularz zg\u0142oszenia serwisowego i reklamacyjnego - BardoMed","robots":{"index":"index","follow":"follow","max-snippet":"max-snippet:-1","max-image-preview":"max-image-preview:large","max-video-preview":"max-video-preview:-1"},"canonical":"https:\/\/www.bardomed.pl\/blog\/formularz-zgloszenia-serwisowego\/","og_locale":"pl_PL","og_type":"article","og_title":"Formularz zg\u0142oszenia serwisowego i reklamacyjnego - BardoMed","og_description":"Aby u\u0142atwi\u0107 Pa\u0144stwu proces serwisu lub reklamacji sprz\u0119tu zakupionego w naszej firmie przygotowali\u015bmy specjalny formularz zg\u0142oszeniowy. Prosimy o jego dok\u0142adne wype\u0142nienie, tak aby\u015bmy posiadali wszelkie niezb\u0119dne informacje potrzebne do szybkiej reakcji na jakiekolwiek usterki serwisowe. Przed wysy\u0142k\u0105 urz\u0105dzenia prosimy o kontakt z naszym dzia\u0142em serwisowym. Jak przygotowa\u0107 aparat do wysy\u0142ki? Aparat powinien by\u0107 spakowany najlepiej [&hellip;]","og_url":"https:\/\/www.bardomed.pl\/blog\/formularz-zgloszenia-serwisowego\/","og_site_name":"BardoMed","article_modified_time":"2025-04-23T11:31:45+00:00","twitter_card":"summary_large_image","twitter_misc":{"Szacowany czas czytania":"1 minuta"},"schema":{"@context":"https:\/\/schema.org","@graph":[{"@type":"WebPage","@id":"https:\/\/www.bardomed.pl\/blog\/formularz-zgloszenia-serwisowego\/","url":"https:\/\/www.bardomed.pl\/blog\/formularz-zgloszenia-serwisowego\/","name":"Formularz zg\u0142oszenia serwisowego i reklamacyjnego - BardoMed","isPartOf":{"@id":"https:\/\/www.bardomed.pl\/blog\/#website"},"datePublished":"2016-06-09T10:12:35+00:00","dateModified":"2025-04-23T11:31:45+00:00","breadcrumb":{"@id":"https:\/\/www.bardomed.pl\/blog\/formularz-zgloszenia-serwisowego\/#breadcrumb"},"inLanguage":"pl-PL","potentialAction":[{"@type":"ReadAction","target":["https:\/\/www.bardomed.pl\/blog\/formularz-zgloszenia-serwisowego\/"]}]},{"@type":"BreadcrumbList","@id":"https:\/\/www.bardomed.pl\/blog\/formularz-zgloszenia-serwisowego\/#breadcrumb","itemListElement":[{"@type":"ListItem","position":1,"name":"Strona g\u0142\u00f3wna","item":"https:\/\/www.bardomed.pl\/blog\/"},{"@type":"ListItem","position":2,"name":"Formularz zg\u0142oszenia serwisowego i reklamacyjnego"}]},{"@type":"WebSite","@id":"https:\/\/www.bardomed.pl\/blog\/#website","url":"https:\/\/www.bardomed.pl\/blog\/","name":"BardoMed","description":"Sprz\u0119t rehabilitacyjny BardoMed Krak\u00f3w","publisher":{"@id":"https:\/\/www.bardomed.pl\/blog\/#organization"},"potentialAction":[{"@type":"SearchAction","target":{"@type":"EntryPoint","urlTemplate":"https:\/\/www.bardomed.pl\/blog\/?s={search_term_string}"},"query-input":{"@type":"PropertyValueSpecification","valueRequired":true,"valueName":"search_term_string"}}],"inLanguage":"pl-PL"},{"@type":"Organization","@id":"https:\/\/www.bardomed.pl\/blog\/#organization","name":"BardoMed","url":"https:\/\/www.bardomed.pl\/blog\/","logo":{"@type":"ImageObject","inLanguage":"pl-PL","@id":"https:\/\/www.bardomed.pl\/blog\/#\/schema\/logo\/image\/","url":"https:\/\/www.bardomed.pl\/blog\/wp-content\/uploads\/2018\/10\/BardoMed-logo.png","contentUrl":"https:\/\/www.bardomed.pl\/blog\/wp-content\/uploads\/2018\/10\/BardoMed-logo.png","width":589,"height":423,"caption":"BardoMed"},"image":{"@id":"https:\/\/www.bardomed.pl\/blog\/#\/schema\/logo\/image\/"}}]}},"_links":{"self":[{"href":"https:\/\/www.bardomed.pl\/blog\/wp-json\/wp\/v2\/pages\/55","targetHints":{"allow":["GET"]}}],"collection":[{"href":"https:\/\/www.bardomed.pl\/blog\/wp-json\/wp\/v2\/pages"}],"about":[{"href":"https:\/\/www.bardomed.pl\/blog\/wp-json\/wp\/v2\/types\/page"}],"author":[{"embeddable":true,"href":"https:\/\/www.bardomed.pl\/blog\/wp-json\/wp\/v2\/users\/1"}],"replies":[{"embeddable":true,"href":"https:\/\/www.bardomed.pl\/blog\/wp-json\/wp\/v2\/comments?post=55"}],"version-history":[{"count":23,"href":"https:\/\/www.bardomed.pl\/blog\/wp-json\/wp\/v2\/pages\/55\/revisions"}],"predecessor-version":[{"id":11335,"href":"https:\/\/www.bardomed.pl\/blog\/wp-json\/wp\/v2\/pages\/55\/revisions\/11335"}],"wp:attachment":[{"href":"https:\/\/www.bardomed.pl\/blog\/wp-json\/wp\/v2\/media?parent=55"}],"curies":[{"name":"wp","href":"https:\/\/api.w.org\/{rel}","templated":true}]}}